{"id":261,"date":"2025-03-25T20:08:22","date_gmt":"2025-03-25T20:08:22","guid":{"rendered":"https:\/\/javierbsuarez.com\/?page_id=261"},"modified":"2025-04-08T18:29:46","modified_gmt":"2025-04-08T22:29:46","slug":"about-me","status":"publish","type":"page","link":"https:\/\/javierbsuarez.com\/es\/sobre-mi\/","title":{"rendered":"Sobre m\u00ed"},"content":{"rendered":"<div data-elementor-type=\"wp-page\" data-elementor-id=\"261\" class=\"elementor elementor-261\" data-elementor-post-type=\"page\">\n\t\t\t\t<div class=\"elementor-element elementor-element-5bc40ec e-flex e-con-boxed e-con e-parent\" data-id=\"5bc40ec\" data-element_type=\"container\" data-settings=\"{&quot;background_background&quot;:&quot;classic&quot;}\">\n\t\t\t\t\t<div class=\"e-con-inner\">\n\t\t<div class=\"elementor-element elementor-element-21eb320 e-con-full e-flex e-con e-child\" data-id=\"21eb320\" data-element_type=\"container\">\n\t\t\t\t<div class=\"elementor-element elementor-element-1b2e13c elementor-widget elementor-widget-heading\" data-id=\"1b2e13c\" data-element_type=\"widget\" data-widget_type=\"heading.default\">\n\t\t\t\t<div class=\"elementor-widget-container\">\n\t\t\t\t\t<h1 class=\"elementor-heading-title elementor-size-default\">Sobre m\u00ed<\/h1>\t\t\t\t<\/div>\n\t\t\t\t<\/div>\n\t\t\t\t<\/div>\n\t\t\t\t\t<\/div>\n\t\t\t\t<\/div>\n\t\t<div class=\"elementor-element elementor-element-fe24da1 e-flex e-con-boxed e-con e-parent\" data-id=\"fe24da1\" data-element_type=\"container\">\n\t\t\t\t\t<div class=\"e-con-inner\">\n\t\t<div class=\"elementor-element elementor-element-ff57636 e-con-full e-flex e-con e-child\" data-id=\"ff57636\" data-element_type=\"container\">\n\t\t\t\t<div class=\"elementor-element elementor-element-95608fa elementor-widget elementor-widget-text-editor\" data-id=\"95608fa\" data-element_type=\"widget\" data-widget_type=\"text-editor.default\">\n\t\t\t\t<div class=\"elementor-widget-container\">\n\t\t\t\t\t\t\t\t\t<p>Javier Boris Su\u00e1rez Ter\u00e1n naci\u00f3 el 13 de diciembre de 1971 en Cochabamba, Bolivia. Desde muy joven, descubri\u00f3 su amor por las artes esc\u00e9nicas, debutando en el teatro en 1986 con la obra \"Plat\u00f3n Pace\u00f1o\". A lo largo de su carrera, ha interpretado papeles principales y secundarios en m\u00e1s de 50 producciones, alcanzando reconocimiento tanto a nivel local como internacional.<\/p><p>Adem\u00e1s de su trabajo como actor, Javier se ha aventurado en la direcci\u00f3n, producci\u00f3n y conducci\u00f3n de programas de radio y televisi\u00f3n, siempre vinculado al mundo del cine y la cultura. Su capacidad para conectar con p\u00fablicos diversos y su compromiso con la excelencia art\u00edstica lo han convertido en una figura respetada en la industria.<\/p><p>Adem\u00e1s de su pasi\u00f3n por explorar personajes complejos, tambi\u00e9n imparti\u00f3 talleres de actuaci\u00f3n para cine y teatro en instituciones como la Universidad Mayor de San Sim\u00f3n y el Festival Internacional Estaci\u00f3n M\u00e9xico. Habla espa\u00f1ol (nativo) e ingl\u00e9s (con fluidez), lo que le ha permitido trabajar en proyectos multinacionales.<\/p><p>Actualmente Javier se desempe\u00f1a activamente en el mundo art\u00edstico, compaginando su labor actoral con proyectos de formaci\u00f3n para nuevas generaciones de actores.<\/p>\t\t\t\t\t\t\t\t<\/div>\n\t\t\t\t<\/div>\n\t\t\t\t<\/div>\n\t\t<div class=\"elementor-element elementor-element-e4da114 e-con-full e-flex e-con e-child\" data-id=\"e4da114\" data-element_type=\"container\">\n\t\t\t\t<div class=\"elementor-element elementor-element-a4f03ff elementor-widget__width-initial elementor-widget elementor-widget-image\" data-id=\"a4f03ff\" data-element_type=\"widget\" data-widget_type=\"image.default\">\n\t\t\t\t<div class=\"elementor-widget-container\">\n\t\t\t\t\t\t\t\t\t\t\t\t\t\t\t<img fetchpriority=\"high\" decoding=\"async\" width=\"1335\" height=\"2000\" src=\"https:\/\/javierbsuarez.com\/wp-content\/uploads\/2025\/03\/vintage-film-projector-and-film-screening-1.jpg\" class=\"attachment-full size-full wp-image-343\" alt=\"\" srcset=\"https:\/\/javierbsuarez.com\/wp-content\/uploads\/2025\/03\/vintage-film-projector-and-film-screening-1.jpg 1335w, https:\/\/javierbsuarez.com\/wp-content\/uploads\/2025\/03\/vintage-film-projector-and-film-screening-1-200x300.jpg 200w, https:\/\/javierbsuarez.com\/wp-content\/uploads\/2025\/03\/vintage-film-projector-and-film-screening-1-684x1024.jpg 684w, https:\/\/javierbsuarez.com\/wp-content\/uploads\/2025\/03\/vintage-film-projector-and-film-screening-1-768x1151.jpg 768w, https:\/\/javierbsuarez.com\/wp-content\/uploads\/2025\/03\/vintage-film-projector-and-film-screening-1-1025x1536.jpg 1025w\" sizes=\"(max-width: 1335px) 100vw, 1335px\" \/>\t\t\t\t\t\t\t\t\t\t\t\t\t\t\t<\/div>\n\t\t\t\t<\/div>\n\t\t\t\t<div class=\"elementor-element elementor-element-602eb2a elementor-widget__width-initial elementor-absolute elementor-widget elementor-widget-image\" data-id=\"602eb2a\" data-element_type=\"widget\" data-settings=\"{&quot;_position&quot;:&quot;absolute&quot;}\" data-widget_type=\"image.default\">\n\t\t\t\t<div class=\"elementor-widget-container\">\n\t\t\t\t\t\t\t\t\t\t\t\t\t\t\t<img decoding=\"async\" width=\"1000\" height=\"1500\" src=\"https:\/\/javierbsuarez.com\/wp-content\/uploads\/2025\/03\/sobre-mi-2.jpg\" class=\"attachment-full size-full wp-image-382\" alt=\"\" srcset=\"https:\/\/javierbsuarez.com\/wp-content\/uploads\/2025\/03\/sobre-mi-2.jpg 1000w, https:\/\/javierbsuarez.com\/wp-content\/uploads\/2025\/03\/sobre-mi-2-200x300.jpg 200w, https:\/\/javierbsuarez.com\/wp-content\/uploads\/2025\/03\/sobre-mi-2-683x1024.jpg 683w, https:\/\/javierbsuarez.com\/wp-content\/uploads\/2025\/03\/sobre-mi-2-768x1152.jpg 768w\" sizes=\"(max-width: 1000px) 100vw, 1000px\" \/>\t\t\t\t\t\t\t\t\t\t\t\t\t\t\t<\/div>\n\t\t\t\t<\/div>\n\t\t\t\t<div class=\"elementor-element elementor-element-c6891ed elementor-widget__width-initial elementor-absolute elementor-widget elementor-widget-image\" data-id=\"c6891ed\" data-element_type=\"widget\" data-settings=\"{&quot;_position&quot;:&quot;absolute&quot;}\" data-widget_type=\"image.default\">\n\t\t\t\t<div class=\"elementor-widget-container\">\n\t\t\t\t\t\t\t\t\t\t\t\t\t\t\t<img decoding=\"async\" width=\"675\" height=\"525\" src=\"https:\/\/javierbsuarez.com\/wp-content\/uploads\/2025\/03\/sobre-mi-e1742954617621.jpg\" class=\"attachment-large size-large wp-image-383\" alt=\"\" srcset=\"https:\/\/javierbsuarez.com\/wp-content\/uploads\/2025\/03\/sobre-mi-e1742954617621.jpg 675w, https:\/\/javierbsuarez.com\/wp-content\/uploads\/2025\/03\/sobre-mi-e1742954617621-300x233.jpg 300w\" sizes=\"(max-width: 675px) 100vw, 675px\" \/>\t\t\t\t\t\t\t\t\t\t\t\t\t\t\t<\/div>\n\t\t\t\t<\/div>\n\t\t\t\t<\/div>\n\t\t\t\t\t<\/div>\n\t\t\t\t<\/div>\n\t\t<div class=\"elementor-element elementor-element-ab02690 e-flex e-con-boxed e-con e-parent\" data-id=\"ab02690\" data-element_type=\"container\">\n\t\t\t\t\t<div class=\"e-con-inner\">\n\t\t\t\t<div class=\"elementor-element elementor-element-bae64f3 elementor-widget elementor-widget-gallery\" data-id=\"bae64f3\" data-element_type=\"widget\" data-settings=\"{&quot;gallery_layout&quot;:&quot;masonry&quot;,&quot;columns_mobile&quot;:2,&quot;lazyload&quot;:&quot;yes&quot;,&quot;columns&quot;:4,&quot;columns_tablet&quot;:2,&quot;gap&quot;:{&quot;unit&quot;:&quot;px&quot;,&quot;size&quot;:10,&quot;sizes&quot;:[]},&quot;gap_tablet&quot;:{&quot;unit&quot;:&quot;px&quot;,&quot;size&quot;:10,&quot;sizes&quot;:[]},&quot;gap_mobile&quot;:{&quot;unit&quot;:&quot;px&quot;,&quot;size&quot;:10,&quot;sizes&quot;:[]},&quot;link_to&quot;:&quot;file&quot;,&quot;overlay_background&quot;:&quot;yes&quot;,&quot;content_hover_animation&quot;:&quot;fade-in&quot;}\" data-widget_type=\"gallery.default\">\n\t\t\t\t<div class=\"elementor-widget-container\">\n\t\t\t\t\t\t\t<div class=\"elementor-gallery__container\">\n\t\t\t\t\t\t\t<a class=\"e-gallery-item elementor-gallery-item elementor-animated-content\" href=\"https:\/\/javierbsuarez.com\/wp-content\/uploads\/2025\/04\/StarWarsTrainning.jpg\" data-elementor-open-lightbox=\"yes\" data-elementor-lightbox-slideshow=\"bae64f3\" data-elementor-lightbox-title=\"StarWarsTrainning\" data-e-action-hash=\"#elementor-action%3Aaction%3Dlightbox%26settings%3DeyJpZCI6NzM3LCJ1cmwiOiJodHRwczpcL1wvamF2aWVyYnN1YXJlei5jb21cL3dwLWNvbnRlbnRcL3VwbG9hZHNcLzIwMjVcLzA0XC9TdGFyV2Fyc1RyYWlubmluZy5qcGciLCJzbGlkZXNob3ciOiJiYWU2NGYzIn0%3D\">\n\t\t\t\t\t<div class=\"e-gallery-image elementor-gallery-item__image\" data-thumbnail=\"https:\/\/javierbsuarez.com\/wp-content\/uploads\/2025\/04\/StarWarsTrainning-300x128.jpg\" data-width=\"300\" data-height=\"128\" aria-label=\"\" role=\"img\" ><\/div>\n\t\t\t\t\t\t\t\t\t\t\t<div class=\"elementor-gallery-item__overlay\"><\/div>\n\t\t\t\t\t\t\t\t\t\t\t\t\t\t<\/a>\n\t\t\t\t\t\t\t<a class=\"e-gallery-item elementor-gallery-item elementor-animated-content\" href=\"https:\/\/javierbsuarez.com\/wp-content\/uploads\/2025\/04\/Resume-expample.jpg\" data-elementor-open-lightbox=\"yes\" data-elementor-lightbox-slideshow=\"bae64f3\" data-elementor-lightbox-title=\"Resume-expample\" data-e-action-hash=\"#elementor-action%3Aaction%3Dlightbox%26settings%3DeyJpZCI6NzM2LCJ1cmwiOiJodHRwczpcL1wvamF2aWVyYnN1YXJlei5jb21cL3dwLWNvbnRlbnRcL3VwbG9hZHNcLzIwMjVcLzA0XC9SZXN1bWUtZXhwYW1wbGUuanBnIiwic2xpZGVzaG93IjoiYmFlNjRmMyJ9\">\n\t\t\t\t\t<div class=\"e-gallery-image elementor-gallery-item__image\" data-thumbnail=\"https:\/\/javierbsuarez.com\/wp-content\/uploads\/2025\/04\/Resume-expample-240x300.jpg\" data-width=\"240\" data-height=\"300\" aria-label=\"\" role=\"img\" ><\/div>\n\t\t\t\t\t\t\t\t\t\t\t<div class=\"elementor-gallery-item__overlay\"><\/div>\n\t\t\t\t\t\t\t\t\t\t\t\t\t\t<\/a>\n\t\t\t\t\t\t\t<a class=\"e-gallery-item elementor-gallery-item elementor-animated-content\" href=\"https:\/\/javierbsuarez.com\/wp-content\/uploads\/2025\/04\/Jedi.jpg\" data-elementor-open-lightbox=\"yes\" data-elementor-lightbox-slideshow=\"bae64f3\" data-elementor-lightbox-title=\"Jedi\" data-e-action-hash=\"#elementor-action%3Aaction%3Dlightbox%26settings%3DeyJpZCI6NzM1LCJ1cmwiOiJodHRwczpcL1wvamF2aWVyYnN1YXJlei5jb21cL3dwLWNvbnRlbnRcL3VwbG9hZHNcLzIwMjVcLzA0XC9KZWRpLmpwZyIsInNsaWRlc2hvdyI6ImJhZTY0ZjMifQ%3D%3D\">\n\t\t\t\t\t<div class=\"e-gallery-image elementor-gallery-item__image\" data-thumbnail=\"https:\/\/javierbsuarez.com\/wp-content\/uploads\/2025\/04\/Jedi-200x300.jpg\" data-width=\"200\" data-height=\"300\" aria-label=\"\" role=\"img\" ><\/div>\n\t\t\t\t\t\t\t\t\t\t\t<div class=\"elementor-gallery-item__overlay\"><\/div>\n\t\t\t\t\t\t\t\t\t\t\t\t\t\t<\/a>\n\t\t\t\t\t\t\t<a class=\"e-gallery-item elementor-gallery-item elementor-animated-content\" href=\"https:\/\/javierbsuarez.com\/wp-content\/uploads\/2025\/04\/JavierPreviews-1108.jpg\" data-elementor-open-lightbox=\"yes\" data-elementor-lightbox-slideshow=\"bae64f3\" data-elementor-lightbox-title=\"JavierPreviews-1108\" data-e-action-hash=\"#elementor-action%3Aaction%3Dlightbox%26settings%3DeyJpZCI6NzM0LCJ1cmwiOiJodHRwczpcL1wvamF2aWVyYnN1YXJlei5jb21cL3dwLWNvbnRlbnRcL3VwbG9hZHNcLzIwMjVcLzA0XC9KYXZpZXJQcmV2aWV3cy0xMTA4LmpwZyIsInNsaWRlc2hvdyI6ImJhZTY0ZjMifQ%3D%3D\">\n\t\t\t\t\t<div class=\"e-gallery-image elementor-gallery-item__image\" data-thumbnail=\"https:\/\/javierbsuarez.com\/wp-content\/uploads\/2025\/04\/JavierPreviews-1108-300x200.jpg\" data-width=\"300\" data-height=\"200\" aria-label=\"\" role=\"img\" ><\/div>\n\t\t\t\t\t\t\t\t\t\t\t<div class=\"elementor-gallery-item__overlay\"><\/div>\n\t\t\t\t\t\t\t\t\t\t\t\t\t\t<\/a>\n\t\t\t\t\t\t\t<a class=\"e-gallery-item elementor-gallery-item elementor-animated-content\" href=\"https:\/\/javierbsuarez.com\/wp-content\/uploads\/2025\/04\/DSCF3787.jpg\" data-elementor-open-lightbox=\"yes\" data-elementor-lightbox-slideshow=\"bae64f3\" data-elementor-lightbox-title=\"DSCF3787\" data-e-action-hash=\"#elementor-action%3Aaction%3Dlightbox%26settings%3DeyJpZCI6NzMzLCJ1cmwiOiJodHRwczpcL1wvamF2aWVyYnN1YXJlei5jb21cL3dwLWNvbnRlbnRcL3VwbG9hZHNcLzIwMjVcLzA0XC9EU0NGMzc4Ny5qcGciLCJzbGlkZXNob3ciOiJiYWU2NGYzIn0%3D\">\n\t\t\t\t\t<div class=\"e-gallery-image elementor-gallery-item__image\" data-thumbnail=\"https:\/\/javierbsuarez.com\/wp-content\/uploads\/2025\/04\/DSCF3787-300x169.jpg\" data-width=\"300\" data-height=\"169\" aria-label=\"\" role=\"img\" ><\/div>\n\t\t\t\t\t\t\t\t\t\t\t<div class=\"elementor-gallery-item__overlay\"><\/div>\n\t\t\t\t\t\t\t\t\t\t\t\t\t\t<\/a>\n\t\t\t\t\t<\/div>\n\t\t\t\t\t<\/div>\n\t\t\t\t<\/div>\n\t\t\t\t\t<\/div>\n\t\t\t\t<\/div>\n\t\t<div class=\"elementor-element elementor-element-6a6e3c5 elementor-hidden-desktop elementor-hidden-tablet elementor-hidden-mobile e-flex e-con-boxed e-con e-parent\" data-id=\"6a6e3c5\" data-element_type=\"container\" data-settings=\"{&quot;background_background&quot;:&quot;classic&quot;}\">\n\t\t\t\t\t<div class=\"e-con-inner\">\n\t\t<div class=\"elementor-element elementor-element-d8ba525 e-con-full e-flex e-con e-child\" data-id=\"d8ba525\" data-element_type=\"container\">\n\t\t<div class=\"elementor-element elementor-element-a4974dd e-con-full e-flex e-con e-child\" data-id=\"a4974dd\" data-element_type=\"container\">\n\t\t\t\t<div class=\"elementor-element elementor-element-1690562 elementor-widget elementor-widget-heading\" data-id=\"1690562\" data-element_type=\"widget\" data-widget_type=\"heading.default\">\n\t\t\t\t<div class=\"elementor-widget-container\">\n\t\t\t\t\t<h2 class=\"elementor-heading-title elementor-size-default\">Datos Personales<\/h2>\t\t\t\t<\/div>\n\t\t\t\t<\/div>\n\t\t\t\t<div class=\"elementor-element elementor-element-1e83a7b elementor-align-center elementor-mobile-align-left elementor-icon-list--layout-traditional elementor-list-item-link-full_width elementor-widget elementor-widget-icon-list\" data-id=\"1e83a7b\" data-element_type=\"widget\" data-widget_type=\"icon-list.default\">\n\t\t\t\t<div class=\"elementor-widget-container\">\n\t\t\t\t\t\t\t<ul class=\"elementor-icon-list-items\">\n\t\t\t\t\t\t\t<li class=\"elementor-icon-list-item\">\n\t\t\t\t\t\t\t\t\t\t\t<span class=\"elementor-icon-list-icon\">\n\t\t\t\t\t\t\t<svg aria-hidden=\"true\" class=\"e-font-icon-svg e-far-user\" viewbox=\"0 0 448 512\" xmlns=\"http:\/\/www.w3.org\/2000\/svg\"><path d=\"M313.6 304c-28.7 0-42.5 16-89.6 16-47.1 0-60.8-16-89.6-16C60.2 304 0 364.2 0 438.4V464c0 26.5 21.5 48 48 48h352c26.5 0 48-21.5 48-48v-25.6c0-74.2-60.2-134.4-134.4-134.4zM400 464H48v-25.6c0-47.6 38.8-86.4 86.4-86.4 14.6 0 38.3 16 89.6 16 51.7 0 74.9-16 89.6-16 47.6 0 86.4 38.8 86.4 86.4V464zM224 288c79.5 0 144-64.5 144-144S303.5 0 224 0 80 64.5 80 144s64.5 144 144 144zm0-240c52.9 0 96 43.1 96 96s-43.1 96-96 96-96-43.1-96-96 43.1-96 96-96z\"><\/path><\/svg>\t\t\t\t\t\t<\/span>\n\t\t\t\t\t\t\t\t\t\t<span class=\"elementor-icon-list-text\"><b>Nombre y Apellido:<\/b> Javier Boris Suarez Teran<\/span>\n\t\t\t\t\t\t\t\t\t<\/li>\n\t\t\t\t\t\t\t\t<li class=\"elementor-icon-list-item\">\n\t\t\t\t\t\t\t\t\t\t\t<span class=\"elementor-icon-list-icon\">\n\t\t\t\t\t\t\t<svg aria-hidden=\"true\" class=\"e-font-icon-svg e-far-user-circle\" viewbox=\"0 0 496 512\" xmlns=\"http:\/\/www.w3.org\/2000\/svg\"><path d=\"M248 104c-53 0-96 43-96 96s43 96 96 96 96-43 96-96-43-96-96-96zm0 144c-26.5 0-48-21.5-48-48s21.5-48 48-48 48 21.5 48 48-21.5 48-48 48zm0-240C111 8 0 119 0 256s111 248 248 248 248-111 248-248S385 8 248 8zm0 448c-49.7 0-95.1-18.3-130.1-48.4 14.9-23 40.4-38.6 69.6-39.5 20.8 6.4 40.6 9.6 60.5 9.6s39.7-3.1 60.5-9.6c29.2 1 54.7 16.5 69.6 39.5-35 30.1-80.4 48.4-130.1 48.4zm162.7-84.1c-24.4-31.4-62.1-51.9-105.1-51.9-10.2 0-26 9.6-57.6 9.6-31.5 0-47.4-9.6-57.6-9.6-42.9 0-80.6 20.5-105.1 51.9C61.9 339.2 48 299.2 48 256c0-110.3 89.7-200 200-200s200 89.7 200 200c0 43.2-13.9 83.2-37.3 115.9z\"><\/path><\/svg>\t\t\t\t\t\t<\/span>\n\t\t\t\t\t\t\t\t\t\t<span class=\"elementor-icon-list-text\"><b>Nombre Artistico:<\/b> Javier B. Su\u00e1rez<\/span>\n\t\t\t\t\t\t\t\t\t<\/li>\n\t\t\t\t\t\t\t\t<li class=\"elementor-icon-list-item\">\n\t\t\t\t\t\t\t\t\t\t\t<span class=\"elementor-icon-list-icon\">\n\t\t\t\t\t\t\t<i aria-hidden=\"true\" class=\"jki jki-birthday-cake-solid\"><\/i>\t\t\t\t\t\t<\/span>\n\t\t\t\t\t\t\t\t\t\t<span class=\"elementor-icon-list-text\"><b>Fecha de Nacimiento:<\/b> 13\/Diciembre\/1971<\/span>\n\t\t\t\t\t\t\t\t\t<\/li>\n\t\t\t\t\t\t\t\t<li class=\"elementor-icon-list-item\">\n\t\t\t\t\t\t\t\t\t\t\t<span class=\"elementor-icon-list-icon\">\n\t\t\t\t\t\t\t<i aria-hidden=\"true\" class=\"jki jki-planet-earth-light\"><\/i>\t\t\t\t\t\t<\/span>\n\t\t\t\t\t\t\t\t\t\t<span class=\"elementor-icon-list-text\"><b>Ciudad \/ Pais de Residencia:<\/b> Cochabamba-Bolivia<\/span>\n\t\t\t\t\t\t\t\t\t<\/li>\n\t\t\t\t\t\t\t\t<li class=\"elementor-icon-list-item\">\n\t\t\t\t\t\t\t\t\t\t\t<span class=\"elementor-icon-list-icon\">\n\t\t\t\t\t\t\t<i aria-hidden=\"true\" class=\"jki jki-information-light\"><\/i>\t\t\t\t\t\t<\/span>\n\t\t\t\t\t\t\t\t\t\t<span class=\"elementor-icon-list-text\"><b>Altura: <\/b>(en Mts.): 1.72<\/span>\n\t\t\t\t\t\t\t\t\t<\/li>\n\t\t\t\t\t\t\t\t<li class=\"elementor-icon-list-item\">\n\t\t\t\t\t\t\t\t\t\t\t<span class=\"elementor-icon-list-icon\">\n\t\t\t\t\t\t\t<i aria-hidden=\"true\" class=\"jki jki-microphone-alt-solid\"><\/i>\t\t\t\t\t\t<\/span>\n\t\t\t\t\t\t\t\t\t\t<span class=\"elementor-icon-list-text\"><b>Tipo de Voz:<\/b> Bajo<\/span>\n\t\t\t\t\t\t\t\t\t<\/li>\n\t\t\t\t\t\t\t\t<li class=\"elementor-icon-list-item\">\n\t\t\t\t\t\t\t\t\t\t\t<span class=\"elementor-icon-list-icon\">\n\t\t\t\t\t\t\t<i aria-hidden=\"true\" class=\"jki jki-language-solid\"><\/i>\t\t\t\t\t\t<\/span>\n\t\t\t\t\t\t\t\t\t\t<span class=\"elementor-icon-list-text\"><b>Idiomas:<\/b> Espa\u00f1ol\/Ingles<\/span>\n\t\t\t\t\t\t\t\t\t<\/li>\n\t\t\t\t\t\t\t\t<li class=\"elementor-icon-list-item\">\n\t\t\t\t\t\t\t\t\t\t\t<span class=\"elementor-icon-list-icon\">\n\t\t\t\t\t\t\t<i aria-hidden=\"true\" class=\"jki jki-camera-video-light\"><\/i>\t\t\t\t\t\t<\/span>\n\t\t\t\t\t\t\t\t\t\t<span class=\"elementor-icon-list-text\"><b>Actividad Principal:<\/b> Actor<\/span>\n\t\t\t\t\t\t\t\t\t<\/li>\n\t\t\t\t\t\t\t\t<li class=\"elementor-icon-list-item\">\n\t\t\t\t\t\t\t\t\t\t\t<span class=\"elementor-icon-list-icon\">\n\t\t\t\t\t\t\t<i aria-hidden=\"true\" class=\"jki jki-paint-brush-light\"><\/i>\t\t\t\t\t\t<\/span>\n\t\t\t\t\t\t\t\t\t\t<span class=\"elementor-icon-list-text\"><b>Otras Actividades:<\/b><br>Direcci\u00f3n actoral<br>Producci\u00f3n Conducci\u00f3n de programas<br>Actuaci\u00f3n de voz<\/span>\n\t\t\t\t\t\t\t\t\t<\/li>\n\t\t\t\t\t\t<\/ul>\n\t\t\t\t\t\t<\/div>\n\t\t\t\t<\/div>\n\t\t\t\t<\/div>\n\t\t\t\t<\/div>\n\t\t\t\t\t<\/div>\n\t\t\t\t<\/div>\n\t\t\t\t<\/div>","protected":false},"excerpt":{"rendered":"<p>About me Javier Boris Su\u00e1rez Ter\u00e1n was born on December 13, 1971, in Cochabamba, Bolivia. From a young age, he discovered his love for the performing arts, making his theater debut in 1986 with the play &#8220;Plato Pace\u00f1o.&#8221; Throughout his career, he has played leading and supporting roles in more than 50 productions, achieving acclaim [&hellip;]<\/p>","protected":false},"author":1,"featured_media":0,"parent":0,"menu_order":0,"comment_status":"closed","ping_status":"closed","template":"","meta":{"footnotes":""},"class_list":["post-261","page","type-page","status-publish","hentry"],"_links":{"self":[{"href":"https:\/\/javierbsuarez.com\/es\/wp-json\/wp\/v2\/pages\/261","targetHints":{"allow":["GET"]}}],"collection":[{"href":"https:\/\/javierbsuarez.com\/es\/wp-json\/wp\/v2\/pages"}],"about":[{"href":"https:\/\/javierbsuarez.com\/es\/wp-json\/wp\/v2\/types\/page"}],"author":[{"embeddable":true,"href":"https:\/\/javierbsuarez.com\/es\/wp-json\/wp\/v2\/users\/1"}],"replies":[{"embeddable":true,"href":"https:\/\/javierbsuarez.com\/es\/wp-json\/wp\/v2\/comments?post=261"}],"version-history":[{"count":22,"href":"https:\/\/javierbsuarez.com\/es\/wp-json\/wp\/v2\/pages\/261\/revisions"}],"predecessor-version":[{"id":937,"href":"https:\/\/javierbsuarez.com\/es\/wp-json\/wp\/v2\/pages\/261\/revisions\/937"}],"wp:attachment":[{"href":"https:\/\/javierbsuarez.com\/es\/wp-json\/wp\/v2\/media?parent=261"}],"curies":[{"name":"wp","href":"https:\/\/api.w.org\/{rel}","templated":true}]}}